{"id":942,"date":"2025-04-28T15:45:51","date_gmt":"2025-04-28T15:45:51","guid":{"rendered":"https:\/\/darkcyan-cattle-524618.hostingersite.com\/?page_id=942"},"modified":"2025-07-28T16:31:56","modified_gmt":"2025-07-28T19:31:56","slug":"politicas-de-seguranca","status":"publish","type":"page","link":"https:\/\/nexocs.com\/en\/politicas-de-seguranca\/","title":{"rendered":"Security Policies"},"content":{"rendered":"<div data-elementor-type=\"wp-page\" data-elementor-id=\"942\" class=\"elementor elementor-942\" data-elementor-post-type=\"page\">\n\t\t\t\t<div class=\"elementor-element elementor-element-9831613 e-flex e-con-boxed e-con e-parent\" data-id=\"9831613\" data-element_type=\"container\" data-e-type=\"container\" data-settings=\"{&quot;background_background&quot;:&quot;classic&quot;}\">\n\t\t\t\t\t<div class=\"e-con-inner\">\n\t\t\t\t<div class=\"elementor-element elementor-element-53d2710 elementor-widget elementor-widget-heading\" data-id=\"53d2710\" data-element_type=\"widget\" data-e-type=\"widget\" data-widget_type=\"heading.default\">\n\t\t\t\t<div class=\"elementor-widget-container\">\n\t\t\t\t\t<h1 class=\"elementor-heading-title elementor-size-default\">Security Policies\n<\/h1>\t\t\t\t<\/div>\n\t\t\t\t<\/div>\n\t\t\t\t\t<\/div>\n\t\t\t\t<\/div>\n\t\t<div class=\"elementor-element elementor-element-9c2807d e-flex e-con-boxed e-con e-parent\" data-id=\"9c2807d\" data-element_type=\"container\" data-e-type=\"container\">\n\t\t\t\t\t<div class=\"e-con-inner\">\n\t\t<div class=\"elementor-element elementor-element-15a5280 e-con-full e-flex e-con e-child\" data-id=\"15a5280\" data-element_type=\"container\" data-e-type=\"container\">\n\t\t\t\t<div class=\"elementor-element elementor-element-6f91e39 elementor-widget elementor-widget-text-editor\" data-id=\"6f91e39\" data-element_type=\"widget\" data-e-type=\"widget\" data-widget_type=\"text-editor.default\">\n\t\t\t\t<div class=\"elementor-widget-container\">\n\t\t\t\t\t\t\t\t\t<div data-ogsc=\"black\"><b data-ogsc=\"\" data-olk-copy-source=\"MessageBody\">POL\u00cdTICA DE SEGURAN\u00c7A DA INFORMA\u00c7\u00c3O \u2013 NEXO CS<\/b><\/div><div data-ogsc=\"black\"><b data-ogsc=\"\">OBJETIVO<\/b><\/div><div data-ogsc=\"black\">Esta Pol\u00edtica de Seguran\u00e7a da Informa\u00e7\u00e3o declara o compromisso da Nexo CS com a prote\u00e7\u00e3o das informa\u00e7\u00f5es sob sua propriedade e\/ou guarda, devendo ser cumprida por todos os seus colaboradores e terceiros.<\/div><div data-ogsc=\"black\"><b data-ogsc=\"\">ABRANG\u00caNCIA<\/b><\/div><div data-ogsc=\"black\">Aplica-se a todos os funcion\u00e1rios, diretores, acionistas, prestadores de servi\u00e7o, consultores, fornecedores, parceiros e demais contratados que utilizam ativos corporativos da Nexo CS.<\/div><div data-ogsc=\"black\"><b data-ogsc=\"\">MISS\u00c3O<\/b><\/div><div data-ogsc=\"black\">Garantir a integridade, confidencialidade, legalidade, disponibilidade e autenticidade das informa\u00e7\u00f5es necess\u00e1rias para a realiza\u00e7\u00e3o dos neg\u00f3cios da Nexo CS.<\/div><div data-ogsc=\"black\"><b data-ogsc=\"\">DOCUMENTOS DE REFER\u00caNCIA<\/b><\/div><ul><li data-ogsc=\"black\"><div data-ogsc=\"\">ABNT NBR ISO\/IEC 27001:2013<\/div><\/li><li data-ogsc=\"black\"><div data-ogsc=\"\">LGPD \u2013 Lei n\u00ba 13.709\/2018<\/div><\/li><li data-ogsc=\"black\"><div data-ogsc=\"\">Lei 9.609\/98 \u2013 Lei de Software<\/div><\/li><\/ul><div data-ogsc=\"black\"><b data-ogsc=\"\">TERMOS E DEFINI\u00c7\u00d5ES<\/b><\/div><div data-ogsc=\"black\">Defini\u00e7\u00f5es de TI, Software, Backup, M\u00eddias Remov\u00edveis, VPN, Firewall, entre outros termos relevantes, est\u00e3o atualizadas conforme pr\u00e1ticas vigentes.<\/div><div data-ogsc=\"black\"><b data-ogsc=\"\">DIRETRIZES DE SEGURAN\u00c7A DA INFORMA\u00c7\u00c3O<\/b><\/div><div data-ogsc=\"black\">A informa\u00e7\u00e3o \u00e9 tratada como ativo valioso, devendo ser protegida quanto \u00e0:<\/div><ul><li data-ogsc=\"black\"><div data-ogsc=\"\">Confidencialidade: acesso restrito a pessoas autorizadas;<\/div><\/li><li data-ogsc=\"black\"><div data-ogsc=\"\">Integridade: prote\u00e7\u00e3o contra altera\u00e7\u00f5es indevidas;<\/div><\/li><li data-ogsc=\"black\"><div data-ogsc=\"\">Disponibilidade: informa\u00e7\u00e3o acess\u00edvel sempre que necess\u00e1rio.<\/div><\/li><\/ul><div data-ogsc=\"black\">Medidas de seguran\u00e7a, campanhas de conscientiza\u00e7\u00e3o e revis\u00f5es anuais da pol\u00edtica est\u00e3o previstas.<\/div><div data-ogsc=\"black\"><b data-ogsc=\"\">ATRIBUI\u00c7\u00d5ES E RESPONSABILIDADES<\/b><\/div><ul><li data-ogsc=\"black\"><div data-ogsc=\"\">Colaboradores: Cumprir esta pol\u00edtica e relatar viola\u00e7\u00f5es.<\/div><\/li><li data-ogsc=\"black\"><div data-ogsc=\"\">Lideran\u00e7as: Disseminar, monitorar e assegurar o cumprimento.<\/div><\/li><li data-ogsc=\"black\"><div data-ogsc=\"\">TI e Governan\u00e7a: Atualizar, revisar e monitorar a Pol\u00edtica de Seguran\u00e7a.<\/div><\/li><\/ul><div data-ogsc=\"black\"><b data-ogsc=\"\">PROPRIEDADE INTELECTUAL<\/b><\/div><div data-ogsc=\"black\">Todos os desenvolvimentos realizados em v\u00ednculo com a Nexo CS pertencem \u00e0 empresa.<\/div><div data-ogsc=\"black\"><b data-ogsc=\"\">ENGENHARIA SOCIAL<\/b><\/div><div data-ogsc=\"black\">A empresa promove a conscientiza\u00e7\u00e3o para preven\u00e7\u00e3o de golpes de engenharia social.<\/div><div data-ogsc=\"black\"><b data-ogsc=\"\">CLASSIFICA\u00c7\u00c3O DA INFORMA\u00c7\u00c3O<\/b><\/div><ul><li data-ogsc=\"black\"><div data-ogsc=\"\">P\u00fablica<\/div><\/li><li data-ogsc=\"black\"><div data-ogsc=\"\">Interna<\/div><\/li><li data-ogsc=\"black\"><div data-ogsc=\"\">Confidencial<\/div><\/li><li data-ogsc=\"black\"><div data-ogsc=\"\">Restrita<\/div><\/li><\/ul><div data-ogsc=\"black\">Crit\u00e9rios claros para classifica\u00e7\u00e3o e prote\u00e7\u00e3o de dados est\u00e3o definidos.<\/div><div data-ogsc=\"black\"><b data-ogsc=\"\">SEGURAN\u00c7A F\u00cdSICA E L\u00d3GICA<\/b><\/div><ul><li data-ogsc=\"black\"><div data-ogsc=\"\">Data Center Azure (Brazil South) com certifica\u00e7\u00f5es internacionais.<\/div><\/li><li data-ogsc=\"black\"><div data-ogsc=\"\">Controle de acesso f\u00edsico e l\u00f3gico.<\/div><\/li><li data-ogsc=\"black\"><div data-ogsc=\"\">Backup regular e criptografia de dados.<\/div><\/li><\/ul><div data-ogsc=\"black\"><b data-ogsc=\"\">BOAS PR\u00c1TICAS DE SEGURAN\u00c7A<\/b><\/div><ul><li data-ogsc=\"black\"><div data-ogsc=\"\">Cuidado com comunica\u00e7\u00f5es externas.<\/div><\/li><li data-ogsc=\"black\"><div data-ogsc=\"\">Uso seguro de esta\u00e7\u00f5es de trabalho e notebooks.<\/div><\/li><li data-ogsc=\"black\"><div data-ogsc=\"\">Controle rigoroso de uso de USBs e m\u00eddias remov\u00edveis.<\/div><\/li><li data-ogsc=\"black\"><div data-ogsc=\"\">Uso da Internet e e-mail corporativo de forma apropriada.<\/div><\/li><li data-ogsc=\"black\"><div data-ogsc=\"\">Atualiza\u00e7\u00e3o autom\u00e1tica de antiv\u00edrus e monitoramento de redes.<\/div><\/li><li data-ogsc=\"black\"><div data-ogsc=\"\">Controle de VPN e senhas fortes.<\/div><\/li><li data-ogsc=\"black\"><div data-ogsc=\"\">Uso autorizado de softwares e instala\u00e7\u00e3o controlada.<\/div><\/li><li data-ogsc=\"black\"><div data-ogsc=\"\">Prefer\u00eancia para Microsoft Teams para comunica\u00e7\u00e3o interna.<\/div><\/li><\/ul><div data-ogsc=\"black\"><b data-ogsc=\"\">VIOLA\u00c7\u00d5ES E SAN\u00c7\u00d5ES<\/b><\/div><div data-ogsc=\"black\">Viola\u00e7\u00f5es a esta pol\u00edtica ser\u00e3o tratadas com medidas disciplinares, podendo incluir desligamento e san\u00e7\u00f5es legais.<\/div><div data-ogsc=\"black\"><b data-ogsc=\"\">VIG\u00caNCIA<\/b><\/div><div data-ogsc=\"black\">Esta pol\u00edtica \u00e9 v\u00e1lida a partir da data de sua publica\u00e7\u00e3o e revisada anualmente, sendo aplic\u00e1vel a todas as unidades, subsidi\u00e1rias e coligadas da Nexo CS.<\/div>\t\t\t\t\t\t\t\t<\/div>\n\t\t\t\t<\/div>\n\t\t\t\t<\/div>\n\t\t\t\t\t<\/div>\n\t\t\t\t<\/div>\n\t\t\t\t<\/div>","protected":false},"excerpt":{"rendered":"<p>Pol\u00edticas de Seguran\u00e7a POL\u00cdTICA DE SEGURAN\u00c7A DA INFORMA\u00c7\u00c3O \u2013 NEXO CSOBJETIVOEsta Pol\u00edtica de Seguran\u00e7a da Informa\u00e7\u00e3o declara o compromisso da Nexo CS com a prote\u00e7\u00e3o das informa\u00e7\u00f5es sob sua propriedade e\/ou guarda, devendo ser cumprida por todos os seus colaboradores e terceiros.ABRANG\u00caNCIAAplica-se a todos os funcion\u00e1rios, diretores, acionistas, prestadores de servi\u00e7o, consultores, fornecedores, parceiros e [&hellip;]<\/p>\n","protected":false},"author":3,"featured_media":0,"parent":0,"menu_order":0,"comment_status":"closed","ping_status":"closed","template":"elementor_header_footer","meta":{"_acf_changed":false,"footnotes":""},"class_list":["post-942","page","type-page","status-publish","hentry"],"acf":[],"_links":{"self":[{"href":"https:\/\/nexocs.com\/en\/wp-json\/wp\/v2\/pages\/942","targetHints":{"allow":["GET"]}}],"collection":[{"href":"https:\/\/nexocs.com\/en\/wp-json\/wp\/v2\/pages"}],"about":[{"href":"https:\/\/nexocs.com\/en\/wp-json\/wp\/v2\/types\/page"}],"author":[{"embeddable":true,"href":"https:\/\/nexocs.com\/en\/wp-json\/wp\/v2\/users\/3"}],"replies":[{"embeddable":true,"href":"https:\/\/nexocs.com\/en\/wp-json\/wp\/v2\/comments?post=942"}],"version-history":[{"count":12,"href":"https:\/\/nexocs.com\/en\/wp-json\/wp\/v2\/pages\/942\/revisions"}],"predecessor-version":[{"id":3620,"href":"https:\/\/nexocs.com\/en\/wp-json\/wp\/v2\/pages\/942\/revisions\/3620"}],"wp:attachment":[{"href":"https:\/\/nexocs.com\/en\/wp-json\/wp\/v2\/media?parent=942"}],"curies":[{"name":"wp","href":"https:\/\/api.w.org\/{rel}","templated":true}]}}