{"id":947,"date":"2025-04-28T15:46:43","date_gmt":"2025-04-28T15:46:43","guid":{"rendered":"https:\/\/darkcyan-cattle-524618.hostingersite.com\/?page_id=947"},"modified":"2025-07-28T16:24:11","modified_gmt":"2025-07-28T19:24:11","slug":"termos-de-uso","status":"publish","type":"page","link":"https:\/\/nexocs.com\/en\/termos-de-uso\/","title":{"rendered":"Termos de Uso"},"content":{"rendered":"<div data-elementor-type=\"wp-page\" data-elementor-id=\"947\" class=\"elementor elementor-947\" data-elementor-post-type=\"page\">\n\t\t\t\t<div class=\"elementor-element elementor-element-9831613 e-flex e-con-boxed e-con e-parent\" data-id=\"9831613\" data-element_type=\"container\" data-e-type=\"container\" data-settings=\"{&quot;background_background&quot;:&quot;classic&quot;}\">\n\t\t\t\t\t<div class=\"e-con-inner\">\n\t\t\t\t<div class=\"elementor-element elementor-element-53d2710 elementor-widget elementor-widget-heading\" data-id=\"53d2710\" data-element_type=\"widget\" data-e-type=\"widget\" data-widget_type=\"heading.default\">\n\t\t\t\t<div class=\"elementor-widget-container\">\n\t\t\t\t\t<h1 class=\"elementor-heading-title elementor-size-default\">Termos de Uso<\/h1>\t\t\t\t<\/div>\n\t\t\t\t<\/div>\n\t\t\t\t\t<\/div>\n\t\t\t\t<\/div>\n\t\t<div class=\"elementor-element elementor-element-9c2807d e-flex e-con-boxed e-con e-parent\" data-id=\"9c2807d\" data-element_type=\"container\" data-e-type=\"container\">\n\t\t\t\t\t<div class=\"e-con-inner\">\n\t\t<div class=\"elementor-element elementor-element-15a5280 e-con-full e-flex e-con e-child\" data-id=\"15a5280\" data-element_type=\"container\" data-e-type=\"container\">\n\t\t\t\t<div class=\"elementor-element elementor-element-6f91e39 elementor-widget elementor-widget-text-editor\" data-id=\"6f91e39\" data-element_type=\"widget\" data-e-type=\"widget\" data-widget_type=\"text-editor.default\">\n\t\t\t\t<div class=\"elementor-widget-container\">\n\t\t\t\t\t\t\t\t\t<p><span data-contrast=\"auto\">O acesso e o uso da URL do site https:\/\/nexocs.com \u00e9 fornecido pela Nexo CS nos termos e condi\u00e7\u00f5es estabelecidos abaixo. Ao acessar e usar o Site, voc\u00ea estar\u00e1 vinculado a estes termos. Observe que estes termos est\u00e3o sujeitos a altera\u00e7\u00f5es de tempos em tempos, por isso devem ser verificados regularmente. O uso cont\u00ednuo deste Site ser\u00e1 considerado a aceita\u00e7\u00e3o dos termos e condi\u00e7\u00f5es atualizados ou alterados.<\/span><span data-ccp-props=\"{\">\u00a0<\/span><\/p><p><span data-ccp-props=\"{\">\u00a0<\/span><span data-contrast=\"auto\">Ao acessar o site, voc\u00ea dever\u00e1 acessar nosso Aviso de Privacidade e respeitar todos os seus termos.<\/span><span data-ccp-props=\"{\">\u00a0<\/span><\/p><p><strong>\u00a0Uso do Site\u00a0<\/strong><\/p><p><span data-contrast=\"auto\">Voc\u00ea reconhece que deve usar o Site apenas para fins legais, para seu pr\u00f3prio uso pessoal ou interno de neg\u00f3cios.<\/span><span data-ccp-props=\"{\">\u00a0<\/span><\/p><p><span data-contrast=\"auto\">O Site est\u00e1 dispon\u00edvel para aqueles com capacidade civil para utiliz\u00e1-lo. Caso Voc\u00ea n\u00e3o possua capacidade para contratar ou utilizar o Site, quando for mencionado Voc\u00ea neste Termo ser\u00e1 ent\u00e3o entendido tamb\u00e9m que as declara\u00e7\u00f5es tenham sido prestadas por seu respons\u00e1vel legal.<\/span><span data-ccp-props=\"{\">\u00a0<\/span><\/p><p><span data-contrast=\"auto\">Voc\u00ea reconhece que \u00e9 respons\u00e1vel por quaisquer informa\u00e7\u00f5es falsas que possam ser prestadas para a utiliza\u00e7\u00e3o do Site e isenta a Nexo CS de qualquer responsabilidade quanto \u00e0 veracidade dos dados pessoais fornecidos por ele quando do uso do Site.<\/span><span data-ccp-props=\"{\">\u00a0<\/span><\/p><p><span data-contrast=\"auto\">Voc\u00ea reconhece, ainda, que estes Termos e Condi\u00e7\u00f5es de Uso do Site oferecidos pela Nexo CS devem ser observados e fielmente cumpridos, sob pena de cancelamento e bloqueio de utiliza\u00e7\u00e3o do Site e demais medidas cab\u00edveis, caso os mencionados Termos forem violados ou descumpridos.<\/span><span data-ccp-props=\"{\">\u00a0<\/span><\/p><p><strong>Direitos autorais\u00a0<\/strong><\/p><p><span data-contrast=\"auto\">Todos os direitos autorais, marcas comerciais, direitos de design, patentes e outros direitos de propriedade intelectual neste Site s\u00e3o investidos pela Nexo CS ou seus licenciadores. Todos os avisos de direitos autorais em qualquer material original devem ser retidos.<\/span><span data-ccp-props=\"{\">\u00a0<\/span><\/p><p><span data-contrast=\"auto\">Exceto no que diz respeito aos seus dados pessoais (por exemplo, informa\u00e7\u00f5es fornecidas em formul\u00e1rios de contato e cujo tratamento pode ser verificado com transpar\u00eancia em nosso Aviso de Privacidade), voc\u00ea concede \u00e0 Nexo CS uma licen\u00e7a n\u00e3o exclusiva, livre de royalties para usar, copiar, reproduzir, processar, modificar, publicar, transmitir e exibir qualquer conte\u00fado que voc\u00ea enviar no Site para quaisquer fins.<\/span><span data-ccp-props=\"{\">\u00a0<\/span><\/p><p><span data-contrast=\"auto\">Este Site n\u00e3o pode ser modificado, desmontado, decompilado ou projetado reverso de qualquer forma. Nenhuma parte do Site pode ser reproduzida sem nossa permiss\u00e3o expressa.<\/span><span data-ccp-props=\"{\">\u00a0<\/span><\/p><p><strong>Disponibilidade\u00a0<\/strong><\/p><p><span data-contrast=\"auto\">Embora nos esforcemos para garantir que a disponibilidade do Site permane\u00e7a alta e mantenha a continuidade do Site, a internet nem sempre \u00e9 um ambiente est\u00e1vel e n\u00e3o seremos respons\u00e1veis se, por qualquer motivo, o Site estiver indispon\u00edvel a qualquer momento. O acesso ao Site pode ser suspenso temporariamente e sem aviso pr\u00e9vio em caso de falha no sistema, manuten\u00e7\u00e3o ou reparo ou por raz\u00f5es fora do nosso controle. N\u00e3o seremos responsabilizados por qualquer falha na presta\u00e7\u00e3o ou atraso na presta\u00e7\u00e3o de um servi\u00e7o atrav\u00e9s deste Site resultante de qualquer ocorr\u00eancia al\u00e9m de nosso controle razo\u00e1vel, incluindo greves (sem limita\u00e7\u00e3o), quebra de sistemas ou acesso \u00e0 rede, inc\u00eandio, explos\u00e3o ou falha de acidente de qualquer provedor de telecomunica\u00e7\u00f5es ou servi\u00e7os de terceiros.<\/span><span data-ccp-props=\"{\">\u00a0<\/span><\/p><p><strong>Uso permitido\u00a0<\/strong><\/p><p><span data-contrast=\"auto\">N\u00f3s lhe concedemos permiss\u00e3o para acessar e usar nosso site, sujeito \u00e0s seguintes condi\u00e7\u00f5es:<\/span><span data-ccp-props=\"{\">\u00a0<\/span><\/p><p><span data-contrast=\"auto\">N\u00e3o distribuir nenhuma parte ou parte do Site, incluindo, mas n\u00e3o se limitando a qualquer conte\u00fado do site, em qualquer meio sem nossa autoriza\u00e7\u00e3o pr\u00e9via;<\/span><span data-ccp-props=\"{\">\u00a0<\/span><\/p><p><span data-contrast=\"auto\">N\u00e3o alterar ou modificar qualquer parte do Site;<\/span><span data-ccp-props=\"{\">\u00a0<\/span><\/p><p><span data-contrast=\"auto\">N\u00e3o desativar ou interferir com quaisquer recursos relacionados \u00e0 seguran\u00e7a do Site;<\/span><span data-ccp-props=\"{\">\u00a0<\/span><\/p><p><span data-contrast=\"auto\">N\u00e3o usar o Site de forma alguma que seja, ou pode estar afetando o acesso do voc\u00ea a este Site;<\/span><span data-ccp-props=\"{\">\u00a0<\/span><\/p><p><span data-contrast=\"auto\">N\u00e3o usar o Site para qualquer finalidade que seja ilegal, difamat\u00f3ria, assediadora, abusiva, fraudulenta ou obscena ou de qualquer outra forma inadequada<\/span><span data-ccp-props=\"{\">\u00a0<\/span><\/p><p><span data-contrast=\"auto\">Qualquer viola\u00e7\u00e3o das condi\u00e7\u00f5es acima mencionadas constituir\u00e1 uma viola\u00e7\u00e3o dos Termos e Condi\u00e7\u00f5es do Site.<\/span><span data-ccp-props=\"{\">\u00a0<\/span><\/p><p><strong>Registro e dados pessoais<\/strong><span data-ccp-props=\"{\">\u00a0<\/span><\/p><p><span data-contrast=\"auto\">\u00c9 seu dever manter atualizados os dados pessoais fornecidos quando da utiliza\u00e7\u00e3o do Site.<\/span><span data-ccp-props=\"{\">\u00a0<\/span><\/p><p><span data-contrast=\"auto\">Podemos cancelar qualquer registro, a qualquer momento e sem pr\u00e9vio aviso, assim que tiver conhecimento, e a nosso exclusivo crit\u00e9rio, se Voc\u00ea descumprir, intencionalmente ou n\u00e3o, estes Termos e Condi\u00e7\u00f5es de Uso, ou violar leis e regulamentos federais, estaduais e\/ou municipais, ou violar os princ\u00edpios legais, a moral e os bons costumes.<\/span><span data-ccp-props=\"{\">\u00a0<\/span><\/p><p><span data-contrast=\"auto\">A Nexo CS compromete-se a n\u00e3o compartilhar, vender ou de qualquer outra forma transmitir os dados pessoais a terceiros, exceto se as informa\u00e7\u00f5es forem exigidas judicialmente ou se forem necess\u00e1rias ao funcionamento do site ou, ainda, se houver base legal para o referido compartilhamento, como cumprimento de obriga\u00e7\u00e3o legal.<\/span><span data-ccp-props=\"{\">\u00a0<\/span><\/p><p><strong>Regras de conduta do usu\u00e1rio do site\u00a0<\/strong><\/p><p><span data-contrast=\"auto\">Voc\u00ea se compromete a n\u00e3o utilizar o Site para a publica\u00e7\u00e3o, cria\u00e7\u00e3o, armazenamento e\/ou divulga\u00e7\u00e3o de:<\/span><span data-ccp-props=\"{\">\u00a0<\/span><\/p><p><span data-contrast=\"auto\">Conte\u00fado abusivo, como textos, fotos e\/ou v\u00eddeos que tenham car\u00e1ter difamat\u00f3rio, discriminat\u00f3rio, obsceno, ofensivo, amea\u00e7ador, abusivo, vexat\u00f3rio, prejudicial, que contenha express\u00f5es de \u00f3dio contra pessoas ou grupos, ou que contenha pornografia infantil, pornografia expl\u00edcita ou violenta, conte\u00fado que possa ser danoso a menores, que contenha insultos ou amea\u00e7as religiosas ou raciais, ou que incentive danos morais (incluindo os corporais) e patrimoniais, ou que possa violar qualquer direito de terceiro, notadamente os direitos humanos.<\/span><span data-ccp-props=\"{\">\u00a0<\/span><\/p><p><span data-contrast=\"auto\">Banners publicit\u00e1rios e\/ou qualquer tipo de com\u00e9rcio eletr\u00f4nico que seja considerado il\u00edcito, assim entendidos os que sejam contr\u00e1rios \u00e0 legisla\u00e7\u00e3o ou ofendam direitos de terceiros.<\/span><span data-ccp-props=\"{\">\u00a0<\/span><\/p><p><span data-contrast=\"auto\">Qualquer tipo de material (textos, fotos e\/ou v\u00eddeos) protegido por direitos autorais, copyright ou que, por qualquer raz\u00e3o, violem direitos de terceiros.<\/span><span data-ccp-props=\"{\">\u00a0<\/span><\/p><p><span data-contrast=\"auto\">Informa\u00e7\u00f5es difamat\u00f3rias e caluniosas ou que sejam contr\u00e1rias \u00e0 honra, \u00e0 intimidade pessoal e familiar ou \u00e0 imagem das pessoas (inclusive de pessoa jur\u00eddicas, entidades e organiza\u00e7\u00f5es e ela equiparadas).<\/span><span data-ccp-props=\"{\">\u00a0<\/span><\/p><p><span data-contrast=\"auto\">Material que incite \u00e0 viol\u00eancia e \u00e0 criminalidade, bem como \u00e0 pirataria de produtos.<\/span><span data-ccp-props=\"{\">\u00a0<\/span><\/p><p><span data-contrast=\"auto\">Conte\u00fado que provoque, por suas caracter\u00edsticas (como extens\u00f5es e formatos de arquivos) danos ao sistema da Nexo CS.<\/span><span data-ccp-props=\"{\">\u00a0<\/span><\/p><p><strong>Voc\u00ea concorda que, ao usar o Site, n\u00e3o ir\u00e1:\u00a0<\/strong><\/p><p><span data-contrast=\"auto\">Violar qualquer um destes Termos e Condi\u00e7\u00f5es de Uso;<\/span><span data-ccp-props=\"{\">\u00a0<\/span><\/p><p><span data-contrast=\"auto\">Praticar falsidade, assim entendidas a falsidade de informa\u00e7\u00f5es (i.e: divulga\u00e7\u00e3o proposital e volunt\u00e1ria de informa\u00e7\u00f5es que o Voc\u00ea saiba ser falsa ou que sejam notoriamente falsas) e a falsidade ideol\u00f3gica;<\/span><span data-ccp-props=\"{\">\u00a0<\/span><\/p><p><span data-contrast=\"auto\">Publicar ou transmitir qualquer conte\u00fado abusivo ou ofensivo nos coment\u00e1rios;<\/span><span data-ccp-props=\"{\">\u00a0<\/span><\/p><p><span data-contrast=\"auto\">Replicar ou armazenar conte\u00fado abusivo nos servidores da Nexo CS;<\/span><span data-ccp-props=\"{\">\u00a0<\/span><\/p><p><span data-contrast=\"auto\">Fazer qualquer coisa ou praticar qualquer ato contr\u00e1rio \u00e0 boa-f\u00e9 e aos usos e costumes das comunidades virtuais e que possam ofender qualquer direito de terceiros. Por viola\u00e7\u00e3o aos usos e costumes de comunidades virtuais tamb\u00e9m deve ser entendido o uso excessivo de texto em letras mai\u00fasculas, uso de cr\u00edticas ofensivas (conhecidas como \u201cflamming\u201d), a inclus\u00e3o desnecess\u00e1ria e imprudente de comunica\u00e7\u00f5es anteriores em qualquer publica\u00e7\u00e3o ou transmiss\u00e3o, bem como qualquer outro ato que esteja em desacordo com a etiqueta da Internet comumente aceita.<\/span><span data-ccp-props=\"{\">\u00a0<\/span><\/p><p><span data-contrast=\"auto\">Cometer fraude;<\/span><span data-ccp-props=\"{\">\u00a0<\/span><\/p><p><span data-contrast=\"auto\">Violar ou infringir direitos de propriedade intelectual, direitos fiduci\u00e1rios ou contratuais, direitos de privacidade ou publicidade de outros;<\/span><span data-ccp-props=\"{\">\u00a0<\/span><\/p><p><span data-contrast=\"auto\">Propagar, distribuir ou transmitir c\u00f3digos destrutivos, quer tenham ou n\u00e3o causado danos reais;<\/span><span data-ccp-props=\"{\">\u00a0<\/span><\/p><p><span data-contrast=\"auto\">Reunir dados pessoais ou comerciais, incluindo (mas n\u00e3o se limitando a) endere\u00e7os de e-mail e\/ou nomes de qualquer recurso da Internet, seja gerenciado por n\u00f3s ou por terceiros, para fins comerciais, pol\u00edticos, de benemer\u00eancia ou outros, sem o consentimento dos propriet\u00e1rios desses dados;<\/span><span data-ccp-props=\"{\">\u00a0<\/span><\/p><p><span data-contrast=\"auto\">Usar rob\u00f4s, \u201cspiders\u201d ou qualquer outro dispositivo, autom\u00e1tico ou manual, para monitorar ou copiar qualquer conte\u00fado do servi\u00e7o da Nexo CS;<\/span><span data-ccp-props=\"{\">\u00a0<\/span><\/p><p><span data-contrast=\"auto\">Transmitir conte\u00fado que n\u00e3o pertence a Voc\u00ea ou que ele n\u00e3o tenha direito de publicar ou distribuir, seja sob lei ou contrato;<\/span><span data-ccp-props=\"{\">\u00a0<\/span><\/p><p><span data-contrast=\"auto\">Utilizar ou transmitir qualquer conte\u00fado, informa\u00e7\u00e3o, texto, imagem, v\u00eddeo ou logomarca publicados no Site com finalidade direta ou indiretamente publicit\u00e1ria, ou mesmo com qualquer outro intuito comercial, exceto se pr\u00e9via e expressamente autorizado pela Nexo CS, sob pena de responder por perdas e danos cab\u00edveis;<\/span><span data-ccp-props=\"{\">\u00a0<\/span><\/p><p><span data-contrast=\"auto\">Acessar o Site sem autoriza\u00e7\u00e3o, por meio de pr\u00e1ticas de \u201chacking\u201d, \u201cpassword mining\u201d ou qualquer outro meio fraudulento ou que represente viola\u00e7\u00e3o a direito de terceiros;<\/span><span data-ccp-props=\"{\">\u00a0<\/span><\/p><p><span data-contrast=\"auto\">Realizar ou incentivar atividades ilegais, incluindo (mas n\u00e3o se limitando a) promover ou facilitar o acesso, uso ou venda de subst\u00e2ncias ou dispositivos perigosos;<\/span><span data-ccp-props=\"{\">\u00a0<\/span><\/p><p><span data-contrast=\"auto\">Deixar de cumprir com quaisquer leis, normas, regras, princ\u00edpios e regulamenta\u00e7\u00f5es aplic\u00e1veis;<\/span><span data-ccp-props=\"{\">\u00a0<\/span><\/p><p><span data-contrast=\"auto\">ajudar qualquer terceiro a realizar qualquer uma das a\u00e7\u00f5es vedadas por estes Termos e Condi\u00e7\u00f5es de Uso.<\/span><span data-ccp-props=\"{\">\u00a0<\/span><\/p><p><strong>Den\u00fancia de abusos e viola\u00e7\u00e3o\u00a0<\/strong><\/p><p><span data-contrast=\"auto\">Voc\u00ea se compromete a denunciar quaisquer abusos ou viola\u00e7\u00e3o destes Termos e Condi\u00e7\u00f5es de Uso ou de quaisquer direitos de terceiros que observar e\/ou for v\u00edtima quando da utiliza\u00e7\u00e3o do Site. Voc\u00ea deve utilizar o canal disponibilizado para comunica\u00e7\u00e3o com a Nexo CS.<\/span><span data-ccp-props=\"{\">\u00a0<\/span><\/p><p><span data-contrast=\"auto\">Todo conte\u00fado que Voc\u00ea publica bem como quaisquer informa\u00e7\u00f5es ou dados pessoais livremente divulgados no site \u00e9 uma informa\u00e7\u00e3o que, por sua natureza e caracter\u00edstica, tem a sua concord\u00e2ncia para as finalidades descritas no site e em conson\u00e2ncia com o Aviso de Privacidade da Nexo CS.<\/span><span data-ccp-props=\"{\">\u00a0<\/span><\/p><p><span data-contrast=\"auto\">Desta forma, a Nexo CS recomenda que o Voc\u00ea seja cuidadoso ao decidir compartilhar qualquer dado pessoal em qualquer website.<\/span><span data-ccp-props=\"{\">\u00a0<\/span><\/p><p><strong>Viola\u00e7\u00e3o dos Termos e Condi\u00e7\u00f5es do Site\u00a0<\/strong><\/p><p><span data-contrast=\"auto\">Caso consideremos que voc\u00ea violou qualquer um desses termos de uso aceit\u00e1veis do Site, podemos tomar tais medidas que consideramos apropriadas, incluindo, mas n\u00e3o se limitando a:<\/span><span data-ccp-props=\"{\">\u00a0<\/span><\/p><p><span data-contrast=\"auto\">Emiss\u00e3o de um aviso para voc\u00ea.<\/span><span data-ccp-props=\"{\">\u00a0<\/span><\/p><p><span data-contrast=\"auto\">Processo judicial contra voc\u00ea para reembolso de todos os custos em uma base indenizat\u00f3ria resultante da viola\u00e7\u00e3o.<\/span><span data-ccp-props=\"{\">\u00a0<\/span><\/p><p><span data-contrast=\"auto\">Se voc\u00ea \u00e9 um voc\u00ea registrado, retirada imediata, tempor\u00e1ria ou permanente do seu direito de usar nosso site.<\/span><span data-ccp-props=\"{\">\u00a0<\/span><\/p><p><span data-contrast=\"auto\">A divulga\u00e7\u00e3o dessas informa\u00e7\u00f5es \u00e0s autoridades policiais, como achamos razoavelmente, \u00e9 necess\u00e1ria.<\/span><span data-ccp-props=\"{\">\u00a0<\/span><\/p><p><span data-contrast=\"auto\">As respostas descritas acima n\u00e3o s\u00e3o limitadas, e podemos tomar qualquer outra a\u00e7\u00e3o que consideremos razoavelmente apropriadas.<\/span><span data-ccp-props=\"{\">\u00a0<\/span><\/p><p><strong>Isen\u00e7\u00e3o de responsabilidade\u00a0<\/strong><\/p><p><span data-contrast=\"auto\">O acesso e o uso do Site s\u00e3o por sua conta e risco. A Nexo CS n\u00e3o faz garantias, representa\u00e7\u00f5es ou compromissos sobre qualquer conte\u00fado deste Site.<\/span><span data-ccp-props=\"{\">\u00a0<\/span><\/p><p><span data-contrast=\"auto\">A Nexo CS toma todas as medidas necess\u00e1rias para proteger nossos voc\u00eas de qualquer malware ou bugs ou outros itens de natureza destrutiva, no entanto a Nexo CS n\u00e3o pode garantir que este Site esteja livre de malware ou bugs e outros itens de natureza destrutiva. Voc\u00ea \u00e9 respons\u00e1vel por implementar procedimentos e verifica\u00e7\u00f5es de v\u00edrus suficientes (incluindo antiv\u00edrus e outras verifica\u00e7\u00f5es de seguran\u00e7a) para satisfazer os requisitos de seguran\u00e7a da entrada e sa\u00edda de dados.<\/span><span data-ccp-props=\"{\">\u00a0<\/span><\/p><p><span data-contrast=\"auto\">A Nexo CS n\u00e3o ser\u00e1 respons\u00e1vel por danos, perdas (diretas, indiretas ou consequentes), despesas, passivos, perda de lucros ou custos resultantes do uso, acesso ou depend\u00eancia das informa\u00e7\u00f5es fornecidas por seus funcion\u00e1rios, agentes ou subcontratados em rela\u00e7\u00e3o, contidos ou dispon\u00edveis atrav\u00e9s do seu Site.<\/span><span data-ccp-props=\"{\">\u00a0<\/span><\/p><p><strong>Dados pessoais\u00a0<\/strong><\/p><p><span data-contrast=\"auto\">O Grupo Nexo CS tratar\u00e1 seus dados pessoais de acordo com a Lei Geral de Prote\u00e7\u00e3o de Dados (\u201cLGPD\u201d) e leis adicionais de prote\u00e7\u00e3o de dados. Para saber mais sobre como usamos seus dados pessoais, voc\u00ea pode acessar nosso Aviso de Privacidade, link.: https:\/\/nexocs.com\/politica-de-privacidade\/\u00a0<\/span><span data-ccp-props=\"{\">\u00a0<\/span><\/p><p><strong>Lei e Jurisdi\u00e7\u00e3o\u00a0<\/strong><\/p><p><span data-contrast=\"auto\">Este acordo e qualquer disputa decorrente dele ser\u00e1 regido pelas leis da Rep\u00fablica Federativa do Brasil Qualquer disputa ou reclama\u00e7\u00e3o decorrente ou em conex\u00e3o com este acordo ou sua forma\u00e7\u00e3o (incluindo disputas ou reivindica\u00e7\u00f5es n\u00e3o contratuais) estar\u00e1 sujeita ao Foro da Comarca de S\u00e3o Paulo, Capital.<\/span><span data-ccp-props=\"{\">\u00a0<\/span><\/p><p><strong>Entre em contato conosco\u00a0<\/strong><\/p><p><span data-contrast=\"auto\">Voc\u00ea pode entrar em contato conosco atrav\u00e9s do Encarregado pelo Tratamento de Dados Pessoais:<\/span><span data-ccp-props=\"{\">\u00a0<\/span><\/p><p>Comit\u00ea LGPD Nexo<br \/>Email: nexo.lgpd@nexocs.com<br \/>Portal da Privacidade:<br \/>https:\/\/nexocs.com\/politica-de-privacidade\/<br \/>Por telefone:<br \/>+55 11 3677-1210 e 21.2532-5960<\/p><p><strong>Pessoalmente ou por correio convencional:\u00a0<\/strong><\/p><p>S\u00e3o Paulo \u2013 SP Avenida Paulista, 2202 6\u00ba andar Consola\u00e7\u00e3o, CEP 01310-300<\/p><p>Rio de Janeiro \u2013 RJ\u00a0 Av. Rep\u00fablica do Chile, 230, 24\u00b0 Andar &#8211; Centro, CEP 20031-919<\/p>\t\t\t\t\t\t\t\t<\/div>\n\t\t\t\t<\/div>\n\t\t\t\t<\/div>\n\t\t\t\t\t<\/div>\n\t\t\t\t<\/div>\n\t\t\t\t<\/div>","protected":false},"excerpt":{"rendered":"<p>Termos de Uso O acesso e o uso da URL do site https:\/\/nexocs.com \u00e9 fornecido pela Nexo CS nos termos e condi\u00e7\u00f5es estabelecidos abaixo. Ao acessar e usar o Site, voc\u00ea estar\u00e1 vinculado a estes termos. Observe que estes termos est\u00e3o sujeitos a altera\u00e7\u00f5es de tempos em tempos, por isso devem ser verificados regularmente. O [&hellip;]<\/p>\n","protected":false},"author":3,"featured_media":0,"parent":0,"menu_order":0,"comment_status":"closed","ping_status":"closed","template":"elementor_header_footer","meta":{"_acf_changed":false,"footnotes":""},"class_list":["post-947","page","type-page","status-publish","hentry"],"acf":[],"_links":{"self":[{"href":"https:\/\/nexocs.com\/en\/wp-json\/wp\/v2\/pages\/947","targetHints":{"allow":["GET"]}}],"collection":[{"href":"https:\/\/nexocs.com\/en\/wp-json\/wp\/v2\/pages"}],"about":[{"href":"https:\/\/nexocs.com\/en\/wp-json\/wp\/v2\/types\/page"}],"author":[{"embeddable":true,"href":"https:\/\/nexocs.com\/en\/wp-json\/wp\/v2\/users\/3"}],"replies":[{"embeddable":true,"href":"https:\/\/nexocs.com\/en\/wp-json\/wp\/v2\/comments?post=947"}],"version-history":[{"count":14,"href":"https:\/\/nexocs.com\/en\/wp-json\/wp\/v2\/pages\/947\/revisions"}],"predecessor-version":[{"id":2333,"href":"https:\/\/nexocs.com\/en\/wp-json\/wp\/v2\/pages\/947\/revisions\/2333"}],"wp:attachment":[{"href":"https:\/\/nexocs.com\/en\/wp-json\/wp\/v2\/media?parent=947"}],"curies":[{"name":"wp","href":"https:\/\/api.w.org\/{rel}","templated":true}]}}