{"id":54,"date":"2025-04-25T20:45:58","date_gmt":"2025-04-25T20:45:58","guid":{"rendered":"https:\/\/darkcyan-cattle-524618.hostingersite.com\/?page_id=54"},"modified":"2025-10-01T17:07:12","modified_gmt":"2025-10-01T20:07:12","slug":"contato","status":"publish","type":"page","link":"https:\/\/nexocs.com\/es\/contato\/","title":{"rendered":"Cont\u00e1ctenos"},"content":{"rendered":"\t\t<div data-elementor-type=\"wp-page\" data-elementor-id=\"54\" class=\"elementor elementor-54\" data-elementor-post-type=\"page\">\n\t\t\t\t<div class=\"elementor-element elementor-element-a9ea68e e-flex e-con-boxed e-con e-parent\" data-id=\"a9ea68e\" data-element_type=\"container\" data-e-type=\"container\" data-settings=\"{&quot;background_background&quot;:&quot;classic&quot;}\">\n\t\t\t\t\t<div class=\"e-con-inner\">\n\t\t<div class=\"elementor-element elementor-element-ddb1cab e-con-full e-flex e-con e-child\" data-id=\"ddb1cab\" data-element_type=\"container\" data-e-type=\"container\">\n\t\t\t\t<div class=\"elementor-element elementor-element-178b62f elementor-widget elementor-widget-heading\" data-id=\"178b62f\" data-element_type=\"widget\" data-e-type=\"widget\" data-widget_type=\"heading.default\">\n\t\t\t\t<div class=\"elementor-widget-container\">\n\t\t\t\t\t<h2 class=\"elementor-heading-title elementor-size-default\">Contato<\/h2>\t\t\t\t<\/div>\n\t\t\t\t<\/div>\n\t\t\t\t<div class=\"elementor-element elementor-element-f518de7 elementor-widget__width-initial elementor-widget elementor-widget-heading\" data-id=\"f518de7\" data-element_type=\"widget\" data-e-type=\"widget\" data-widget_type=\"heading.default\">\n\t\t\t\t<div class=\"elementor-widget-container\">\n\t\t\t\t\t<h1 class=\"elementor-heading-title elementor-size-default\">Solicite uma demonstra\u00e7\u00e3o do nosso software e transforme a gest\u00e3o da sua empresa!<\/h1>\t\t\t\t<\/div>\n\t\t\t\t<\/div>\n\t\t\t\t<div class=\"elementor-element elementor-element-b4c9143 elementor-widget__width-initial elementor-widget elementor-widget-text-editor\" data-id=\"b4c9143\" data-element_type=\"widget\" data-e-type=\"widget\" data-widget_type=\"text-editor.default\">\n\t\t\t\t<div class=\"elementor-widget-container\">\n\t\t\t\t\t\t\t\t\t<p>Solicite uma demonstra\u00e7\u00e3o e veja de perto todas as funcionalidades e benef\u00edcios que nossos softwares oferecem. Nossos especialistas est\u00e3o prontos para mostrar como podemos otimizar processos, garantir conformidade e melhorar a efici\u00eancia operacional. N\u00e3o perca essa oportunidade de conhecer a NEXO e elevar a gest\u00e3o da sua empresa a um novo n\u00edvel!<\/p>\t\t\t\t\t\t\t\t<\/div>\n\t\t\t\t<\/div>\n\t\t\t\t<\/div>\n\t\t<div class=\"elementor-element elementor-element-eed9693 e-con-full e-flex e-con e-child\" data-id=\"eed9693\" data-element_type=\"container\" data-e-type=\"container\" data-settings=\"{&quot;background_background&quot;:&quot;classic&quot;}\">\n\t\t\t\t<div class=\"elementor-element elementor-element-a0d4d1d elementor-button-align-end elementor-mobile-button-align-stretch politica-link elementor-widget elementor-widget-form\" data-id=\"a0d4d1d\" data-element_type=\"widget\" data-e-type=\"widget\" data-settings=\"{&quot;step_next_label&quot;:&quot;Next&quot;,&quot;step_previous_label&quot;:&quot;Previous&quot;,&quot;button_width&quot;:&quot;100&quot;,&quot;step_type&quot;:&quot;number_text&quot;,&quot;step_icon_shape&quot;:&quot;circle&quot;}\" data-widget_type=\"form.default\">\n\t\t\t\t<div class=\"elementor-widget-container\">\n\t\t\t\t\t\t\t<form class=\"elementor-form\" method=\"post\" name=\"Contato - Formulario\" aria-label=\"Contato - Formulario\">\r\n\t\t\t<input type=\"hidden\" name=\"post_id\" value=\"54\"\/>\r\n\t\t\t<input type=\"hidden\" name=\"form_id\" value=\"a0d4d1d\"\/>\r\n\t\t\t<input type=\"hidden\" name=\"referer_title\" value=\"Contato | Nexo CS - Especialistas em Sa\u00fade e Seguran\u00e7a do Trabalho\" \/>\r\n\r\n\t\t\t\t\t\t\t<input type=\"hidden\" name=\"queried_id\" value=\"54\"\/>\r\n\t\t\t\r\n\t\t\t<div class=\"elementor-form-fields-wrapper elementor-labels-\">\r\n\t\t\t\t\t\t\t\t<div class=\"elementor-field-type-text elementor-field-group elementor-column elementor-field-group-name elementor-col-50 elementor-field-required\">\r\n\t\t\t\t\t\t\t\t\t\t\t\t<label for=\"form-field-name\" class=\"elementor-field-label elementor-screen-only\">\r\n\t\t\t\t\t\t\t\tNome\t\t\t\t\t\t\t<\/label>\r\n\t\t\t\t\t\t\t\t\t\t\t\t\t\t<input size=\"1\" type=\"text\" name=\"form_fields[name]\" id=\"form-field-name\" class=\"elementor-field elementor-size-md  elementor-field-textual\" placeholder=\"Nome\" required=\"required\">\r\n\t\t\t\t\t\t\t\t\t\t\t<\/div>\r\n\t\t\t\t\t\t\t\t<div class=\"elementor-field-type-email elementor-field-group elementor-column elementor-field-group-email elementor-col-50 elementor-field-required\">\r\n\t\t\t\t\t\t\t\t\t\t\t\t<label for=\"form-field-email\" class=\"elementor-field-label elementor-screen-only\">\r\n\t\t\t\t\t\t\t\tEmail\t\t\t\t\t\t\t<\/label>\r\n\t\t\t\t\t\t\t\t\t\t\t\t\t\t<input size=\"1\" type=\"email\" name=\"form_fields[email]\" id=\"form-field-email\" class=\"elementor-field elementor-size-md  elementor-field-textual\" placeholder=\"Email\" required=\"required\">\r\n\t\t\t\t\t\t\t\t\t\t\t<\/div>\r\n\t\t\t\t\t\t\t\t<div class=\"elementor-field-type-tel elementor-field-group elementor-column elementor-field-group-field_a8bc394 elementor-col-50 elementor-field-required\">\r\n\t\t\t\t\t\t\t\t\t\t\t\t<label for=\"form-field-field_a8bc394\" class=\"elementor-field-label elementor-screen-only\">\r\n\t\t\t\t\t\t\t\tTelefone\t\t\t\t\t\t\t<\/label>\r\n\t\t\t\t\t\t\t\t<input size=\"1\" type=\"tel\" name=\"form_fields[field_a8bc394]\" id=\"form-field-field_a8bc394\" class=\"elementor-field elementor-size-md  elementor-field-textual\" placeholder=\"Telefone\" required=\"required\" pattern=\"[0-9()#&amp;+*-=.]+\" title=\"Only numbers and phone characters (#, -, *, etc) are accepted.\">\r\n\r\n\t\t\t\t\t\t<\/div>\r\n\t\t\t\t\t\t\t\t<div class=\"elementor-field-type-tel elementor-field-group elementor-column elementor-field-group-field_2a1f5d4 elementor-col-50 elementor-field-required\">\r\n\t\t\t\t\t\t\t\t\t\t\t\t<label for=\"form-field-field_2a1f5d4\" class=\"elementor-field-label elementor-screen-only\">\r\n\t\t\t\t\t\t\t\tN\u00famero do WhatsApp\t\t\t\t\t\t\t<\/label>\r\n\t\t\t\t\t\t\t\t<input size=\"1\" type=\"tel\" name=\"form_fields[field_2a1f5d4]\" id=\"form-field-field_2a1f5d4\" class=\"elementor-field elementor-size-md  elementor-field-textual\" placeholder=\"N\u00famero do WhatsApp\" required=\"required\" pattern=\"[0-9()#&amp;+*-=.]+\" title=\"Only numbers and phone characters (#, -, *, etc) are accepted.\">\r\n\r\n\t\t\t\t\t\t<\/div>\r\n\t\t\t\t\t\t\t\t<div class=\"elementor-field-type-text elementor-field-group elementor-column elementor-field-group-field_0f14a62 elementor-col-50 elementor-field-required\">\r\n\t\t\t\t\t\t\t\t\t\t\t\t<label for=\"form-field-field_0f14a62\" class=\"elementor-field-label elementor-screen-only\">\r\n\t\t\t\t\t\t\t\tNome da Empresa\t\t\t\t\t\t\t<\/label>\r\n\t\t\t\t\t\t\t\t\t\t\t\t\t\t<input size=\"1\" type=\"text\" name=\"form_fields[field_0f14a62]\" id=\"form-field-field_0f14a62\" class=\"elementor-field elementor-size-md  elementor-field-textual\" placeholder=\"Nome da Empresa\" required=\"required\">\r\n\t\t\t\t\t\t\t\t\t\t\t<\/div>\r\n\t\t\t\t\t\t\t\t<div class=\"elementor-field-type-select elementor-field-group elementor-column elementor-field-group-field_6ff2cf1 elementor-col-50 elementor-field-required\">\r\n\t\t\t\t\t\t\t\t\t\t\t\t<label for=\"form-field-field_6ff2cf1\" class=\"elementor-field-label elementor-screen-only\">\r\n\t\t\t\t\t\t\t\tNos diga a quantidade de colaboradores da sua empresa\t\t\t\t\t\t\t<\/label>\r\n\t\t\t\t\t\t\t\t<div class=\"elementor-field elementor-select-wrapper remove-before \">\r\n\t\t\t<div class=\"select-caret-down-wrapper\">\r\n\t\t\t\t<svg aria-hidden=\"true\" class=\"e-font-icon-svg e-eicon-caret-down\" viewBox=\"0 0 571.4 571.4\" xmlns=\"http:\/\/www.w3.org\/2000\/svg\"><path d=\"M571 393Q571 407 561 418L311 668Q300 679 286 679T261 668L11 418Q0 407 0 393T11 368 36 357H536Q550 357 561 368T571 393Z\"><\/path><\/svg>\t\t\t<\/div>\r\n\t\t\t<select name=\"form_fields[field_6ff2cf1]\" id=\"form-field-field_6ff2cf1\" class=\"elementor-field-textual elementor-size-md\" required=\"required\">\r\n\t\t\t\t\t\t\t\t\t<option value=\"Nos diga a quantidade de colaboradores da sua empresa\">Nos diga a quantidade de colaboradores da sua empresa<\/option>\r\n\t\t\t\t\t\t\t\t\t<option value=\"1 a 300\">1 a 300<\/option>\r\n\t\t\t\t\t\t\t\t\t<option value=\"301 a 500\">301 a 500<\/option>\r\n\t\t\t\t\t\t\t\t\t<option value=\"501 a 1000\">501 a 1000<\/option>\r\n\t\t\t\t\t\t\t\t\t<option value=\"1001 a 3000\">1001 a 3000<\/option>\r\n\t\t\t\t\t\t\t\t\t<option value=\"Acima de 3000\">Acima de 3000<\/option>\r\n\t\t\t\t\t\t\t<\/select>\r\n\t\t<\/div>\r\n\t\t\t\t\t\t<\/div>\r\n\t\t\t\t\t\t\t\t<div class=\"elementor-field-type-textarea elementor-field-group elementor-column elementor-field-group-message elementor-col-100 elementor-field-required\">\r\n\t\t\t\t\t\t\t\t\t\t\t\t<label for=\"form-field-message\" class=\"elementor-field-label elementor-screen-only\">\r\n\t\t\t\t\t\t\t\tMensagem\t\t\t\t\t\t\t<\/label>\r\n\t\t\t\t\t\t<textarea class=\"elementor-field-textual elementor-field  elementor-size-md\" name=\"form_fields[message]\" id=\"form-field-message\" rows=\"6\" placeholder=\"Mensagem\" required=\"required\"><\/textarea>\t\t\t\t<\/div>\r\n\t\t\t\t\t\t\t\t<div class=\"elementor-field-type-acceptance elementor-field-group elementor-column elementor-field-group-field_6179abf elementor-col-100 elementor-field-required\">\r\n\t\t\t\t\t\t\t<div class=\"elementor-field-subgroup\">\r\n\t\t\t<span class=\"elementor-field-option\">\r\n\t\t\t\t<input type=\"checkbox\" name=\"form_fields[field_6179abf]\" id=\"form-field-field_6179abf\" class=\"elementor-field elementor-size-md  elementor-acceptance-field\" required=\"required\">\r\n\t\t\t\t<label for=\"form-field-field_6179abf\">Ao preencher o formul\u00e1rio, voc\u00ea est\u00e1 ciente que podemos enviar comunica\u00e7\u00f5es e conte\u00fados conforme os seus interesses. Para mais informa\u00e7\u00f5es sobre nossas pr\u00e1ticas, confira a nossa <a href=\"https:\/\/nexocs.com\/politica-de-privacidade\/\">Pol\u00edtica de Privacidade<\/a>.<\/label>\t\t\t<\/span>\r\n\t\t<\/div>\r\n\t\t\t\t\t\t<\/div>\r\n\t\t\t\t\t\t\t\t<div class=\"elementor-field-type-recaptcha_v3 elementor-field-group elementor-column elementor-field-group-field_1b49494 elementor-col-100 recaptcha_v3-bottomright\">\r\n\t\t\t\t\t<div class=\"elementor-field\" id=\"form-field-field_1b49494\"><div class=\"elementor-g-recaptcha\" data-sitekey=\"6Le7PZ8rAAAAADxJkFxEKcUe8DbAb4HWqrOGCKOC\" data-type=\"v3\" data-action=\"Form\" data-badge=\"bottomright\" data-size=\"invisible\"><\/div><\/div>\t\t\t\t<\/div>\r\n\t\t\t\t\t\t\t\t<div class=\"elementor-field-type-html elementor-field-group elementor-column elementor-field-group-field_f95044f elementor-col-100\">\r\n\t\t\t\t\t<!-- Start of HubSpot Embed Code -->\n<script type=\"text\/javascript\" id=\"hs-script-loader\" async defer src=\"\/\/js.hs-scripts.com\/8992763.js?businessUnitId=966864\"><\/script>\n<!-- End of HubSpot Embed Code -->\t\t\t\t<\/div>\r\n\t\t\t\t\t\t\t\t<div class=\"elementor-field-group elementor-column elementor-field-type-submit elementor-col-100 e-form__buttons\">\r\n\t\t\t\t\t<button class=\"elementor-button elementor-size-md\" type=\"submit\">\r\n\t\t\t\t\t\t<span class=\"elementor-button-content-wrapper\">\r\n\t\t\t\t\t\t\t\t\t\t\t\t\t\t\t\t\t\t\t\t\t\t<span class=\"elementor-button-text\">ENTRE EM CONTATO<\/span>\r\n\t\t\t\t\t\t\t\t\t\t\t\t\t<\/span>\r\n\t\t\t\t\t<\/button>\r\n\t\t\t\t<\/div>\r\n\t\t\t<\/div>\r\n\t\t<\/form>\r\n\t\t\t\t\t\t<\/div>\n\t\t\t\t<\/div>\n\t\t\t\t<div class=\"elementor-element elementor-element-5a441f4 elementor-widget elementor-widget-text-editor\" data-id=\"5a441f4\" data-element_type=\"widget\" data-e-type=\"widget\" data-widget_type=\"text-editor.default\">\n\t\t\t\t<div class=\"elementor-widget-container\">\n\t\t\t\t\t\t\t\t\t<p style=\"font-size: 12px; margin-top: 10px;\">Este site \u00e9 protegido pelo reCAPTCHA e est\u00e1 sujeito \u00e0 <a href=\"https:\/\/policies.google.com\/privacy\" target=\"_blank\" rel=\"noopener noreferrer\">Pol\u00edtica de Privacidade<\/a> e aos <a href=\"https:\/\/policies.google.com\/terms\" target=\"_blank\" rel=\"noopener noreferrer\">Termos de Servi\u00e7o<\/a> do Google.<\/p>\t\t\t\t\t\t\t\t<\/div>\n\t\t\t\t<\/div>\n\t\t\t\t<\/div>\n\t\t\t\t\t<\/div>\n\t\t\t\t<\/div>\n\t\t<div class=\"elementor-element elementor-element-d056dd9 e-flex e-con-boxed e-con e-parent\" data-id=\"d056dd9\" data-element_type=\"container\" data-e-type=\"container\">\n\t\t\t\t\t<div class=\"e-con-inner\">\n\t\t<div class=\"elementor-element elementor-element-92bb975 e-con-full e-flex e-con e-child\" data-id=\"92bb975\" data-element_type=\"container\" data-e-type=\"container\">\n\t\t\t\t<div class=\"elementor-element elementor-element-83d2696 elementor-widget elementor-widget-heading\" data-id=\"83d2696\" data-element_type=\"widget\" data-e-type=\"widget\" data-widget_type=\"heading.default\">\n\t\t\t\t<div class=\"elementor-widget-container\">\n\t\t\t\t\t<h2 class=\"elementor-heading-title elementor-size-default\">TRABALHE CONOSCO<\/h2>\t\t\t\t<\/div>\n\t\t\t\t<\/div>\n\t\t\t\t<div class=\"elementor-element elementor-element-f93b291 elementor-widget__width-initial elementor-widget elementor-widget-text-editor\" data-id=\"f93b291\" data-element_type=\"widget\" data-e-type=\"widget\" data-widget_type=\"text-editor.default\">\n\t\t\t\t<div class=\"elementor-widget-container\">\n\t\t\t\t\t\t\t\t\t<p>Na NEXO CS, acreditamos que o sucesso de uma empresa \u00e9 impulsionado pelo talento e dedica\u00e7\u00e3o de seus colaboradores. Por isso, a gest\u00e3o de pessoas \u00e9 o cora\u00e7\u00e3o da nossa estrat\u00e9gia. Estamos sempre em busca de novos talentos para fortalecer e elevar nossos times.<\/p>\t\t\t\t\t\t\t\t<\/div>\n\t\t\t\t<\/div>\n\t\t\t\t<\/div>\n\t\t<div class=\"elementor-element elementor-element-1e1384b e-con-full e-flex e-con e-child\" data-id=\"1e1384b\" data-element_type=\"container\" data-e-type=\"container\">\n\t\t\t\t<div class=\"elementor-element elementor-element-34101ac elementor-button-align-end elementor-mobile-button-align-stretch politica-link elementor-widget elementor-widget-form\" data-id=\"34101ac\" data-element_type=\"widget\" data-e-type=\"widget\" data-settings=\"{&quot;step_next_label&quot;:&quot;Next&quot;,&quot;step_previous_label&quot;:&quot;Previous&quot;,&quot;button_width&quot;:&quot;100&quot;,&quot;step_type&quot;:&quot;number_text&quot;,&quot;step_icon_shape&quot;:&quot;circle&quot;}\" data-widget_type=\"form.default\">\n\t\t\t\t<div class=\"elementor-widget-container\">\n\t\t\t\t\t\t\t<form class=\"elementor-form\" method=\"post\" name=\"Contato - Formulario\" aria-label=\"Contato - Formulario\">\r\n\t\t\t<input type=\"hidden\" name=\"post_id\" value=\"54\"\/>\r\n\t\t\t<input type=\"hidden\" name=\"form_id\" value=\"34101ac\"\/>\r\n\t\t\t<input type=\"hidden\" name=\"referer_title\" value=\"Contato | Nexo CS - Especialistas em Sa\u00fade e Seguran\u00e7a do Trabalho\" \/>\r\n\r\n\t\t\t\t\t\t\t<input type=\"hidden\" name=\"queried_id\" value=\"54\"\/>\r\n\t\t\t\r\n\t\t\t<div class=\"elementor-form-fields-wrapper elementor-labels-\">\r\n\t\t\t\t\t\t\t\t<div class=\"elementor-field-type-text elementor-field-group elementor-column elementor-field-group-name elementor-col-50 elementor-field-required\">\r\n\t\t\t\t\t\t\t\t\t\t\t\t<label for=\"form-field-name\" class=\"elementor-field-label elementor-screen-only\">\r\n\t\t\t\t\t\t\t\tNome\t\t\t\t\t\t\t<\/label>\r\n\t\t\t\t\t\t\t\t\t\t\t\t\t\t<input size=\"1\" type=\"text\" name=\"form_fields[name]\" id=\"form-field-name\" class=\"elementor-field elementor-size-md  elementor-field-textual\" placeholder=\"Nome\" required=\"required\">\r\n\t\t\t\t\t\t\t\t\t\t\t<\/div>\r\n\t\t\t\t\t\t\t\t<div class=\"elementor-field-type-email elementor-field-group elementor-column elementor-field-group-email elementor-col-50 elementor-field-required\">\r\n\t\t\t\t\t\t\t\t\t\t\t\t<label for=\"form-field-email\" class=\"elementor-field-label elementor-screen-only\">\r\n\t\t\t\t\t\t\t\tEmail\t\t\t\t\t\t\t<\/label>\r\n\t\t\t\t\t\t\t\t\t\t\t\t\t\t<input size=\"1\" type=\"email\" name=\"form_fields[email]\" id=\"form-field-email\" class=\"elementor-field elementor-size-md  elementor-field-textual\" placeholder=\"Email\" required=\"required\">\r\n\t\t\t\t\t\t\t\t\t\t\t<\/div>\r\n\t\t\t\t\t\t\t\t<div class=\"elementor-field-type-tel elementor-field-group elementor-column elementor-field-group-field_a8bc394 elementor-col-50 elementor-field-required\">\r\n\t\t\t\t\t\t\t\t\t\t\t\t<label for=\"form-field-field_a8bc394\" class=\"elementor-field-label elementor-screen-only\">\r\n\t\t\t\t\t\t\t\tTelefone\t\t\t\t\t\t\t<\/label>\r\n\t\t\t\t\t\t\t\t<input size=\"1\" type=\"tel\" name=\"form_fields[field_a8bc394]\" id=\"form-field-field_a8bc394\" class=\"elementor-field elementor-size-md  elementor-field-textual\" placeholder=\"Telefone\" required=\"required\" pattern=\"[0-9()#&amp;+*-=.]+\" title=\"Only numbers and phone characters (#, -, *, etc) are accepted.\">\r\n\r\n\t\t\t\t\t\t<\/div>\r\n\t\t\t\t\t\t\t\t<div class=\"elementor-field-type-tel elementor-field-group elementor-column elementor-field-group-field_2a1f5d4 elementor-col-50 elementor-field-required\">\r\n\t\t\t\t\t\t\t\t\t\t\t\t<label for=\"form-field-field_2a1f5d4\" class=\"elementor-field-label elementor-screen-only\">\r\n\t\t\t\t\t\t\t\tN\u00famero do WhatsApp\t\t\t\t\t\t\t<\/label>\r\n\t\t\t\t\t\t\t\t<input size=\"1\" type=\"tel\" name=\"form_fields[field_2a1f5d4]\" id=\"form-field-field_2a1f5d4\" class=\"elementor-field elementor-size-md  elementor-field-textual\" placeholder=\"N\u00famero do WhatsApp\" required=\"required\" pattern=\"[0-9()#&amp;+*-=.]+\" title=\"Only numbers and phone characters (#, -, *, etc) are accepted.\">\r\n\r\n\t\t\t\t\t\t<\/div>\r\n\t\t\t\t\t\t\t\t<div class=\"elementor-field-type-textarea elementor-field-group elementor-column elementor-field-group-message elementor-col-100 elementor-field-required\">\r\n\t\t\t\t\t\t\t\t\t\t\t\t<label for=\"form-field-message\" class=\"elementor-field-label elementor-screen-only\">\r\n\t\t\t\t\t\t\t\tMensagem\t\t\t\t\t\t\t<\/label>\r\n\t\t\t\t\t\t<textarea class=\"elementor-field-textual elementor-field  elementor-size-md\" name=\"form_fields[message]\" id=\"form-field-message\" rows=\"5\" placeholder=\"Mensagem\" required=\"required\"><\/textarea>\t\t\t\t<\/div>\r\n\t\t\t\t\t\t\t\t<div class=\"elementor-field-type-upload elementor-field-group elementor-column elementor-field-group-field_ab3c59d elementor-col-100 elementor-field-required\">\r\n\t\t\t\t\t\t\t\t\t\t\t\t<label for=\"form-field-field_ab3c59d\" class=\"elementor-field-label elementor-screen-only\">\r\n\t\t\t\t\t\t\t\tEnvie seu curr\u00edculo\t\t\t\t\t\t\t<\/label>\r\n\t\t\t\t\t\t\t\t<input type=\"file\" name=\"form_fields[field_ab3c59d]\" id=\"form-field-field_ab3c59d\" class=\"elementor-field elementor-size-md  elementor-upload-field\" required=\"required\" data-maxsize=\"10\" data-maxsize-message=\"This file exceeds the maximum allowed size.\">\r\n\r\n\t\t\t\t\t\t<\/div>\r\n\t\t\t\t\t\t\t\t<div class=\"elementor-field-type-acceptance elementor-field-group elementor-column elementor-field-group-field_f0a0eb8 elementor-col-100 elementor-field-required\">\r\n\t\t\t\t\t\t\t<div class=\"elementor-field-subgroup\">\r\n\t\t\t<span class=\"elementor-field-option\">\r\n\t\t\t\t<input type=\"checkbox\" name=\"form_fields[field_f0a0eb8]\" id=\"form-field-field_f0a0eb8\" class=\"elementor-field elementor-size-md  elementor-acceptance-field\" required=\"required\">\r\n\t\t\t\t<label for=\"form-field-field_f0a0eb8\">Ao preencher o formul\u00e1rio, voc\u00ea est\u00e1 ciente que podemos enviar comunica\u00e7\u00f5es e conte\u00fados conforme os seus interesses. Para mais informa\u00e7\u00f5es sobre nossas pr\u00e1ticas, confira a nossa <a href=\"https:\/\/nexocs.com\/politica-de-privacidade\/\">Pol\u00edtica de Privacidade<\/a>.<\/label>\t\t\t<\/span>\r\n\t\t<\/div>\r\n\t\t\t\t\t\t<\/div>\r\n\t\t\t\t\t\t\t\t<div class=\"elementor-field-type-recaptcha_v3 elementor-field-group elementor-column elementor-field-group-field_8c4b3f9 elementor-col-100 recaptcha_v3-bottomright\">\r\n\t\t\t\t\t<div class=\"elementor-field\" id=\"form-field-field_8c4b3f9\"><div class=\"elementor-g-recaptcha\" data-sitekey=\"6Le7PZ8rAAAAADxJkFxEKcUe8DbAb4HWqrOGCKOC\" data-type=\"v3\" data-action=\"Form\" data-badge=\"bottomright\" data-size=\"invisible\"><\/div><\/div>\t\t\t\t<\/div>\r\n\t\t\t\t\t\t\t\t<div class=\"elementor-field-group elementor-column elementor-field-type-submit elementor-col-100 e-form__buttons\">\r\n\t\t\t\t\t<button class=\"elementor-button elementor-size-md\" type=\"submit\">\r\n\t\t\t\t\t\t<span class=\"elementor-button-content-wrapper\">\r\n\t\t\t\t\t\t\t\t\t\t\t\t\t\t\t\t\t\t\t\t\t\t<span class=\"elementor-button-text\">ENVIAR<\/span>\r\n\t\t\t\t\t\t\t\t\t\t\t\t\t<\/span>\r\n\t\t\t\t\t<\/button>\r\n\t\t\t\t<\/div>\r\n\t\t\t<\/div>\r\n\t\t<\/form>\r\n\t\t\t\t\t\t<\/div>\n\t\t\t\t<\/div>\n\t\t\t\t<div class=\"elementor-element elementor-element-96b4bbb elementor-widget elementor-widget-text-editor\" data-id=\"96b4bbb\" data-element_type=\"widget\" data-e-type=\"widget\" data-widget_type=\"text-editor.default\">\n\t\t\t\t<div class=\"elementor-widget-container\">\n\t\t\t\t\t\t\t\t\t<p style=\"font-size: 12px; margin-top: 10px;\">Este site \u00e9 protegido pelo reCAPTCHA e est\u00e1 sujeito \u00e0 <a href=\"https:\/\/policies.google.com\/privacy\" target=\"_blank\" rel=\"noopener noreferrer\">Pol\u00edtica de Privacidade<\/a> e aos <a href=\"https:\/\/policies.google.com\/terms\" target=\"_blank\" rel=\"noopener noreferrer\">Termos de Servi\u00e7o<\/a> do Google.<\/p>\t\t\t\t\t\t\t\t<\/div>\n\t\t\t\t<\/div>\n\t\t\t\t<\/div>\n\t\t\t\t\t<\/div>\n\t\t\t\t<\/div>\n\t\t\t\t<\/div>\n\t\t","protected":false},"excerpt":{"rendered":"<p>Contato Solicite uma demonstra\u00e7\u00e3o do nosso software e transforme a gest\u00e3o da sua empresa! Solicite uma demonstra\u00e7\u00e3o e veja de perto todas as funcionalidades e benef\u00edcios que nossos softwares oferecem. Nossos especialistas est\u00e3o prontos para mostrar como podemos otimizar processos, garantir conformidade e melhorar a efici\u00eancia operacional. N\u00e3o perca essa oportunidade de conhecer a NEXO [&hellip;]<\/p>\n","protected":false},"author":3,"featured_media":0,"parent":0,"menu_order":0,"comment_status":"closed","ping_status":"closed","template":"elementor_header_footer","meta":{"_acf_changed":false,"footnotes":""},"class_list":["post-54","page","type-page","status-publish","hentry"],"acf":[],"_links":{"self":[{"href":"https:\/\/nexocs.com\/es\/wp-json\/wp\/v2\/pages\/54","targetHints":{"allow":["GET"]}}],"collection":[{"href":"https:\/\/nexocs.com\/es\/wp-json\/wp\/v2\/pages"}],"about":[{"href":"https:\/\/nexocs.com\/es\/wp-json\/wp\/v2\/types\/page"}],"author":[{"embeddable":true,"href":"https:\/\/nexocs.com\/es\/wp-json\/wp\/v2\/users\/3"}],"replies":[{"embeddable":true,"href":"https:\/\/nexocs.com\/es\/wp-json\/wp\/v2\/comments?post=54"}],"version-history":[{"count":136,"href":"https:\/\/nexocs.com\/es\/wp-json\/wp\/v2\/pages\/54\/revisions"}],"predecessor-version":[{"id":3844,"href":"https:\/\/nexocs.com\/es\/wp-json\/wp\/v2\/pages\/54\/revisions\/3844"}],"wp:attachment":[{"href":"https:\/\/nexocs.com\/es\/wp-json\/wp\/v2\/media?parent=54"}],"curies":[{"name":"wp","href":"https:\/\/api.w.org\/{rel}","templated":true}]}}